{"id":616,"date":"2022-06-22T14:21:44","date_gmt":"2022-06-22T14:21:44","guid":{"rendered":"http:\/\/fata-verso.ro\/?page_id=616"},"modified":"2022-06-23T06:41:55","modified_gmt":"2022-06-23T06:41:55","slug":"frica-n-o-voi-uita-niciodata","status":"publish","type":"page","link":"http:\/\/fata-verso.ro\/index.php\/frica-n-o-voi-uita-niciodata\/","title":{"rendered":"\u201eFrica n-o voi uita niciodat\u0103\u201d"},"content":{"rendered":"\n<h2><strong>Interviul Ioanei cu bunica ei, Anca Georgescu<\/strong><\/h2>\n\n\n\n<p><\/p>\n\n\n\n<p>\u00cen urma lecturii <em>Jurnalului<\/em> <em>Annei Frank<\/em>, Ioana Apostol i-a luat un interviu bunicii ei despre amintirile din perioada de dup\u0103 al Doilea R\u0103zboi Mondial.<\/p>\n\n\n\n<hr class=\"wp-block-separator is-style-wide\"\/>\n\n\n\n<p class=\"has-text-align-left\"><em>Pentru acest interviu am preg\u0103tit o serie de \u00eentreb\u0103ri pe care o sa le adresez bunicii mele, Anca Georgescu, care s-a n\u0103scut \u00een 1944, cu un an \u00eenainte s\u0103 se termine cel de-al Doilea R\u0103zboi Mondial. Am fost curioas\u0103 s\u0103 aflu mai multe detalii despre cum era s\u0103 tr\u0103ie\u0219ti \u00een acea perioad\u0103<\/em>.<br>\u2014&nbsp;Ioana Apostol<\/p>\n\n\n\n<p><strong>Ioana Apostol: M\u0103 bucur mult s\u0103 st\u0103m de vorb\u0103 doar noi dou\u0103, chiar dac\u0103 nu este un subiect fericit, este unul important. Chiar dac\u0103 aveai doar un an c\u00e2nd al Doilea R\u0103zboi s-a terminat, sigur ai informa\u021bii de la p\u0103rin\u021bii t\u0103i, a\u0219adar voiam s\u0103 \u0219tiu care a fost cel mai mare impact al r\u0103zboiului asupra familiei?<\/strong><\/p>\n\n\n\n<p><strong>Anca Georgescu: <\/strong>Mereu este o pl\u0103cere s\u0103 stau cu tine de vorb\u0103. Probabil c\u0103 cel mai mare impact pe care r\u0103zboiul \u00eel are asupra unei familii \u00een general este frica, panica constant\u0103 cu care e\u0219ti obligat s\u0103 tr\u0103ie\u0219ti. Un alt lucru important care accentua panica \u0219i pe care persoanele din genera\u021bia ta probabil nu \u00eel \u00een\u021beleg era lipsa de informa\u021bii.<\/p>\n\n\n\n<p><strong>Ioana Apostol: Faptul c\u0103 ai men\u021bionat diferen\u021ba dintre genera\u021bii ne aduce la cea de-a doua \u00eentrebare. \u00cen prezent, din p\u0103cate, este un r\u0103zboi la grani\u021ba noastr\u0103, iar Ucraina trece prin ni\u0219te momente cumplite. Care este diferen\u021ba dintre genera\u021bii \u00eentr-o situa\u021bie de r\u0103zboi?<\/strong><\/p>\n\n\n\n<p><strong>Anca Georgescu<\/strong>: Genera\u021biei de acum nu spun c\u0103 \u00eei este mai u\u0219or, dar acum avem noroc cu internetul \u0219i televizorul \u0219i poate c\u0103 nu pare un factor at\u00e2t de important, dar este. S\u0103 ai acces la informa\u021bii \u0219i s\u0103 \u0219tii constant ce se \u00eent\u00e2mpl\u0103 este o unealt\u0103 la care noi nici nu visam \u00eenainte. Totodat\u0103, cred c\u0103 subiectul legat de s\u0103n\u0103tatea psihic\u0103 este mult mai abordat \u0219i oamenii realizeaz\u0103 ce impact are un r\u0103zboi asupra unui individ, oamenii sunt mult mai ajuta\u021bi din acest punct de vedere.<\/p>\n\n\n\n<p><strong>Ioana Apostol: Vorbind de s\u0103n\u0103tatea psihic\u0103, sim\u021bi c\u0103, trec\u00e2nd prin at\u00e2tea evenimente istorice deloc fericite, acestea te-au marcat \u0219i dac\u0103 da, cum te-a schimbat acest lucru?<\/strong><\/p>\n\n\n\n<p><strong>Anca Georgescu: <\/strong>Cu siguran\u021b\u0103 m-au marcat, \u00eens\u0103 nu am un r\u0103spuns la cea de a doua \u00eentrebare, ne\u0219tiind cum a\u0219 fi fost azi dac\u0103 nu tr\u0103iam acele vremuri. \u0218tiu doar c\u0103 sunt mai puternic\u0103, dar a\u0219 putea s\u0103 tr\u0103iesc \u0219i f\u0103r\u0103 asta, mai lini\u0219tit\u0103.<\/p>\n\n\n\n<p><strong>Ioana Apostol:<\/strong> <strong>Atunci c\u00e2nd au circulat primele \u0219tiri legate de r\u0103zboiul din Ucraina \u0219i peste tot pe unde te uitai se anun\u021ba \u201eal Treilea R\u0103zboi Mondial\u201d, chiar dac\u0103 nu era nimic concret, care a fost reac\u021bia ta?<\/strong><\/p>\n\n\n\n<p><strong>Anca Georgescu:<\/strong> Chiar dac\u0103 am realizat c\u0103 \u0219ansele sunt extrem de mici, tot am avut un moment de <em>d\u00e9j\u00e0 vu<\/em>, dar mai mult m-am g\u00e2ndit la s\u0103racii oameni din Ucraina \u0219i am fost pl\u0103cut surprins\u0103 c\u00e2t de mult\u0103 solidaritate a ar\u0103tat Rom\u00e2nia \u0219i c\u00e2t de mult ne-am implicat ca s\u0103 \u00eei ajut\u0103m, o alt\u0103 diferen\u021b\u0103 destul de mare pe care o pot observa, \u00een compara\u021bie.<\/p>\n\n\n\n<p><strong>Ioana Apostol: Iar ultima \u00eentrebare este: ce nu vei putea uita niciodat\u0103?<\/strong><\/p>\n\n\n\n<p><strong>Anca Georgescu:<\/strong> \u0218tiu c\u0103 aici m\u0103 repet, dar frica \u0219i probabil fe\u021bele \u00eengrijorate ale p\u0103rin\u021bilor mei care mereu au avut cea mai mare grij\u0103 de mine. Erau extrem de speria\u021bi \u0219i aveam \u0219i financiar probleme, nimic nu mergea bine, dar datorit\u0103 lor, eu eram mai lini\u0219tit\u0103 \u0219i calm\u0103. Deci frica n-o voi uita niciodat\u0103.&nbsp;<\/p>\n\n\n\n<p><strong>Ioana Apostol: Emo\u021bionante r\u0103spunsuri \u0219i mul\u021bumesc mult c\u0103 ai ales s\u0103 le \u00eemp\u0103rt\u0103\u0219e\u0219ti cu mine.<\/strong><\/p>\n\n\n\n<p><strong>Anca Georgescu:<\/strong> \u0218i eu mul\u021bumesc mult.<\/p>\n\n\n\n<hr class=\"wp-block-separator is-style-wide\"\/>\n\n\n\n<p>Acest text face parte din proiectul \u201e<a rel=\"noreferrer noopener\" href=\"http:\/\/fata-verso.ro\/index.php\/2022\/04\/27\/adolescent-in-fictiune\/\" data-type=\"URL\" data-id=\"http:\/\/fata-verso.ro\/index.php\/2022\/04\/27\/adolescent-in-fictiune\/\" target=\"_blank\">Adolescent \u00een fic\u021biune<\/a>\u201d. Textul a fost realizat sub \u00eendrumarea scriitoarei Adina Popescu.<\/p>\n","protected":false},"excerpt":{"rendered":"<p>Interviul Ioanei cu bunica ei, Anca Georgescu \u00cen urma lecturii Jurnalului Annei Frank, Ioana Apostol i-a luat un interviu bunicii ei despre amintirile din perioada &hellip; <span class=\"read-more-link\"><a class=\"read-more\" href=\"http:\/\/fata-verso.ro\/index.php\/frica-n-o-voi-uita-niciodata\/\">Read More &rsaquo;<\/a><\/span><\/p>\n","protected":false},"author":2,"featured_media":0,"parent":0,"menu_order":0,"comment_status":"closed","ping_status":"closed","template":"","meta":{"_mi_skip_tracking":false},"_links":{"self":[{"href":"http:\/\/fata-verso.ro\/index.php\/wp-json\/wp\/v2\/pages\/616"}],"collection":[{"href":"http:\/\/fata-verso.ro\/index.php\/wp-json\/wp\/v2\/pages"}],"about":[{"href":"http:\/\/fata-verso.ro\/index.php\/wp-json\/wp\/v2\/types\/page"}],"author":[{"embeddable":true,"href":"http:\/\/fata-verso.ro\/index.php\/wp-json\/wp\/v2\/users\/2"}],"replies":[{"embeddable":true,"href":"http:\/\/fata-verso.ro\/index.php\/wp-json\/wp\/v2\/comments?post=616"}],"version-history":[{"count":6,"href":"http:\/\/fata-verso.ro\/index.php\/wp-json\/wp\/v2\/pages\/616\/revisions"}],"predecessor-version":[{"id":627,"href":"http:\/\/fata-verso.ro\/index.php\/wp-json\/wp\/v2\/pages\/616\/revisions\/627"}],"wp:attachment":[{"href":"http:\/\/fata-verso.ro\/index.php\/wp-json\/wp\/v2\/media?parent=616"}],"curies":[{"name":"wp","href":"https:\/\/api.w.org\/{rel}","templated":true}]}}